{"id":470,"date":"2019-08-27T12:01:25","date_gmt":"2019-08-27T12:01:25","guid":{"rendered":"https:\/\/royalenfieldlisboa.pt\/web\/?page_id=470"},"modified":"2024-01-19T15:24:20","modified_gmt":"2024-01-19T15:24:20","slug":"rgpd","status":"publish","type":"page","link":"https:\/\/royalenfieldlisboa.pt\/web\/rgpd\/","title":{"rendered":"Pol\u00edtica de privacidade"},"content":{"rendered":"\t\t<div data-elementor-type=\"wp-page\" data-elementor-id=\"470\" class=\"elementor elementor-470\" data-elementor-post-type=\"page\">\n\t\t\t\t\t\t<section class=\"elementor-section elementor-top-section elementor-element elementor-element-668936c elementor-section-boxed elementor-section-height-default elementor-section-height-default\" data-id=\"668936c\" data-element_type=\"section\" data-e-type=\"section\">\n\t\t\t\t\t\t<div class=\"elementor-container elementor-column-gap-default\">\n\t\t\t\t\t<div class=\"elementor-column elementor-col-100 elementor-top-column elementor-element elementor-element-8305878\" data-id=\"8305878\" data-element_type=\"column\" data-e-type=\"column\">\n\t\t\t<div class=\"elementor-widget-wrap elementor-element-populated\">\n\t\t\t\t\t\t<div class=\"elementor-element elementor-element-83a2548 elementor-widget elementor-widget-heading\" data-id=\"83a2548\" data-element_type=\"widget\" data-e-type=\"widget\" data-widget_type=\"heading.default\">\n\t\t\t\t<div class=\"elementor-widget-container\">\n\t\t\t\t\t<h2 class=\"elementor-heading-title elementor-size-default\">Pol\u00edtica de privacidade<\/h2>\t\t\t\t<\/div>\n\t\t\t\t<\/div>\n\t\t\t\t<div class=\"elementor-element elementor-element-3d2f047 elementor-widget elementor-widget-text-editor\" data-id=\"3d2f047\" data-element_type=\"widget\" data-e-type=\"widget\" data-widget_type=\"text-editor.default\">\n\t\t\t\t<div class=\"elementor-widget-container\">\n\t\t\t\t\t\t\t\t\t<h5>A presente pol\u00edtica de privacidade \u00e9 v\u00e1lida, \u00fanica e exclusivamente, na utiliza\u00e7\u00e3o e processamento de dados processados e enviados atrav\u00e9s do website www.piaggio.com.pt sob gest\u00e3o da ZEMARKS &#8211; Com\u00e9rcio Internacional, Unipessoal, Lda.<\/h5>\t\t\t\t\t\t\t\t<\/div>\n\t\t\t\t<\/div>\n\t\t\t\t<div class=\"elementor-element elementor-element-0a625bd elementor-widget elementor-widget-text-editor\" data-id=\"0a625bd\" data-element_type=\"widget\" data-e-type=\"widget\" data-widget_type=\"text-editor.default\">\n\t\t\t\t<div class=\"elementor-widget-container\">\n\t\t\t\t\t\t\t\t\t<h5>Garantia de privacidade\u2028<\/h5><p>A privacidade de todos os dados pessoais recolhidos \u00e9 garantida e toda a informa\u00e7\u00e3o \u00e9 mantida em total seguran\u00e7a.<\/p><h5>Entidade respons\u00e1vel\u2028<\/h5><p>A entidade respons\u00e1vel pelo tratamento de dados enviados pelos utilizadores por meio de formul\u00e1rios ou correio electr\u00f3nico em www.royalenfieldlisboa.pt \u00e9 a ZEMARKS &#8211; Com\u00e9rcio Internacional, Unipessoal, Lda.<\/p><h5>Recolha de dados pessoais\u2028<\/h5><p>Os dados pessoais recolhidos em www.piaggio.com.pt t\u00eam como finalidade, apenas e s\u00f3, responder a d\u00favidas, contactos gerais, cota\u00e7\u00f5es ou informa\u00e7\u00f5es para efeitos legais em caso de eventuais transa\u00e7\u00f5es comerciais ou presta\u00e7\u00e3o de servi\u00e7os complementares.<\/p><h5>Transmiss\u00e3o a terceiros\u2028<\/h5><p>As informa\u00e7\u00f5es e dados recolhidos n\u00e3o s\u00e3o transmitidas a terceiros, permanecendo na esfera \u00fanica e sob controlo da ZEMARKS &#8211; Com\u00e9rcio Internacional, Unipessoal, Lda.<\/p><h5>Utiliza\u00e7\u00e3o dos dados recolhidos\u2028<\/h5><p>Os dados recolhidos atrav\u00e9s de www.piaggio.com.pt n\u00e3o ser\u00e3o utilizados para qualquer ac\u00e7\u00e3o de promo\u00e7\u00e3o, informa\u00e7\u00e3o ou marketing por parte da ZEMARKS &#8211; Com\u00e9rcio Internacional, Unipessoal, Lda. sem o acordo expresso e validado dos seus titulares.<\/p><h5>Direitos do titular\u2028<\/h5><p>O utilizador tem o direito de, nos termos da lei, consultar, eliminar ou proceder \u00e0\u00a0retifica\u00e7\u00e3o dos seus dados pessoais.\u00a0Para o efeito, os utilizadores devem enviar uma mensagem para o endere\u00e7o\u00a0info.zemarks@gmail.com, indicando, de forma clara e sem margem para d\u00favidas, a sua inten\u00e7\u00e3o relativamente aos seus dados pessoais armazenados.<\/p><h5>Tempo de armazenamento de dados\u2028<\/h5><p>A\u00a0ZEMARKS &#8211; Com\u00e9rcio Internacional, Unipessoal, Lda.\u00a0conservar\u00e1 os seus dados pessoais apenas no per\u00edodo de tempo necess\u00e1rio \u00e0 prepara\u00e7\u00e3o e concretiza\u00e7\u00e3o das transa\u00e7\u00f5es comerciais e dos servi\u00e7os complementares previstos.<\/p><h5>Reclama\u00e7\u00f5es\u2028<\/h5><p>O utilizador tem o direito a apresentar uma queixa fundamentada na Comiss\u00e3o Nacional de Prote\u00e7\u00e3o de Dados.<\/p>\t\t\t\t\t\t\t\t<\/div>\n\t\t\t\t<\/div>\n\t\t\t\t\t<\/div>\n\t\t<\/div>\n\t\t\t\t\t<\/div>\n\t\t<\/section>\n\t\t\t\t<\/div>\n\t\t","protected":false},"excerpt":{"rendered":"<p>Pol\u00edtica de privacidade A presente pol\u00edtica de privacidade \u00e9 v\u00e1lida, \u00fanica e exclusivamente, na utiliza\u00e7\u00e3o e processamento de dados processados e enviados atrav\u00e9s do website www.piaggio.com.pt sob gest\u00e3o da ZEMARKS &#8211; Com\u00e9rcio Internacional, Unipessoal, Lda. Garantia de privacidade A privacidade de todos os dados pessoais recolhidos \u00e9 garantida e toda a informa\u00e7\u00e3o \u00e9 mantida em [&hellip;]<\/p>\n","protected":false},"author":1,"featured_media":0,"parent":0,"menu_order":9,"comment_status":"closed","ping_status":"closed","template":"elementor_header_footer","meta":{"site-sidebar-layout":"no-sidebar","site-content-layout":"page-builder","ast-site-content-layout":"full-width-container","site-content-style":"unboxed","site-sidebar-style":"unboxed","ast-global-header-display":"","ast-banner-title-visibility":"","ast-main-header-display":"disabled","ast-hfb-above-header-display":"","ast-hfb-below-header-display":"","ast-hfb-mobile-header-display":"","site-post-title":"disabled","ast-breadcrumbs-content":"disabled","ast-featured-img":"disabled","footer-sml-layout":"","theme-transparent-header-meta":"default","adv-header-id-meta":"","stick-header-meta":"default","header-above-stick-meta":"","header-main-stick-meta":"","header-below-stick-meta":"","astra-migrate-meta-layouts":"set","ast-page-background-enabled":"default","ast-page-background-meta":{"desktop":{"background-color":"","background-image":"","background-repeat":"repeat","background-position":"center center","background-size":"auto","background-attachment":"scroll","background-type":"","background-media":"","overlay-type":"","overlay-color":"","overlay-opacity":"","overlay-gradient":""},"tablet":{"background-color":"","background-image":"","background-repeat":"repeat","background-position":"center center","background-size":"auto","background-attachment":"scroll","background-type":"","background-media":"","overlay-type":"","overlay-color":"","overlay-opacity":"","overlay-gradient":""},"mobile":{"background-color":"","background-image":"","background-repeat":"repeat","background-position":"center center","background-size":"auto","background-attachment":"scroll","background-type":"","background-media":"","overlay-type":"","overlay-color":"","overlay-opacity":"","overlay-gradient":""}},"ast-content-background-meta":{"desktop":{"background-color":"var(--ast-global-color-5)","background-image":"","background-repeat":"repeat","background-position":"center center","background-size":"auto","background-attachment":"scroll","background-type":"","background-media":"","overlay-type":"","overlay-color":"","overlay-opacity":"","overlay-gradient":""},"tablet":{"background-color":"var(--ast-global-color-5)","background-image":"","background-repeat":"repeat","background-position":"center center","background-size":"auto","background-attachment":"scroll","background-type":"","background-media":"","overlay-type":"","overlay-color":"","overlay-opacity":"","overlay-gradient":""},"mobile":{"background-color":"var(--ast-global-color-5)","background-image":"","background-repeat":"repeat","background-position":"center center","background-size":"auto","background-attachment":"scroll","background-type":"","background-media":"","overlay-type":"","overlay-color":"","overlay-opacity":"","overlay-gradient":""}},"footnotes":""},"class_list":["post-470","page","type-page","status-publish","hentry"],"_links":{"self":[{"href":"https:\/\/royalenfieldlisboa.pt\/web\/wp-json\/wp\/v2\/pages\/470","targetHints":{"allow":["GET"]}}],"collection":[{"href":"https:\/\/royalenfieldlisboa.pt\/web\/wp-json\/wp\/v2\/pages"}],"about":[{"href":"https:\/\/royalenfieldlisboa.pt\/web\/wp-json\/wp\/v2\/types\/page"}],"author":[{"embeddable":true,"href":"https:\/\/royalenfieldlisboa.pt\/web\/wp-json\/wp\/v2\/users\/1"}],"replies":[{"embeddable":true,"href":"https:\/\/royalenfieldlisboa.pt\/web\/wp-json\/wp\/v2\/comments?post=470"}],"version-history":[{"count":1,"href":"https:\/\/royalenfieldlisboa.pt\/web\/wp-json\/wp\/v2\/pages\/470\/revisions"}],"predecessor-version":[{"id":7871,"href":"https:\/\/royalenfieldlisboa.pt\/web\/wp-json\/wp\/v2\/pages\/470\/revisions\/7871"}],"wp:attachment":[{"href":"https:\/\/royalenfieldlisboa.pt\/web\/wp-json\/wp\/v2\/media?parent=470"}],"curies":[{"name":"wp","href":"https:\/\/api.w.org\/{rel}","templated":true}]}}